{"id":55,"date":"2023-09-22T14:01:50","date_gmt":"2023-09-22T14:01:50","guid":{"rendered":"https:\/\/henrykohler.de\/?page_id=55"},"modified":"2023-09-22T14:04:16","modified_gmt":"2023-09-22T14:04:16","slug":"datenschutzerklaerung","status":"publish","type":"page","link":"https:\/\/www.henrykohler.de\/index.php\/datenschutzerklaerung\/","title":{"rendered":"Datenschutzerkl\u00e4rung"},"content":{"rendered":"\n<h2 class=\"wp-block-heading\"><\/h2>\n\n\n\n<h1 class=\"wp-block-heading\">Datenschutzerkl\u00e4rung der Webseite www.henrykohler.de<\/h1>\n\n\n\n<p>Wir freuen uns \u00fcber Ihren Besuch auf unseren Webseiten. Nachfolgend m\u00f6chten wir Sie \u00fcber den Umgang mit Ihren Daten gem. Art. 13 Datenschutzgrundverordnung (DSGVO) informieren:<\/p>\n\n\n\n<h2 class=\"wp-block-heading\">Verantwortlicher<\/h2>\n\n\n\n<p>Verantwortlich f\u00fcr die nachfolgend dargestellte Datenerhebung und -verarbeitung ist die im Impressum genannte Stelle.<\/p>\n\n\n\n<h2 class=\"wp-block-heading\">Speicherung der IP-Adresse<\/h2>\n\n\n\n<p>Wir speichern die von Ihrem Webbrowser \u00fcbermittelte IP-Adresse streng zweckgebunden f\u00fcr die Dauer von sieben Tagen, in dem Interesse, Angriffe auf unsere Webseiten erkennen, eingrenzen und beseitigen zu k\u00f6nnen. Nach Ablauf dieser Zeitspanne l\u00f6schen bzw. anonymisieren wir die IP-Adresse. Rechtsgrundlage ist Art. 6 Abs. 1 S. 1 lit. f DSGVO.<\/p>\n\n\n\n<h2 class=\"wp-block-heading\">Nutzungsdaten<\/h2>\n\n\n\n<p>Wenn Sie unsere Webseiten besuchen, werden auf unserem Webserver tempor\u00e4r sogenannte Nutzungsdaten zu statistischen Zwecken als Protokoll gespeichert, um die Qualit\u00e4t unserer Webseiten zu verbessern.<\/p>\n\n\n\n<p>Dieser Datensatz besteht aus<\/p>\n\n\n\n<ul class=\"wp-block-list\">\n<li>der Seite, von der aus die Datei angefordert wurde,<\/li>\n\n\n\n<li>dem Namen der Datei,<\/li>\n\n\n\n<li>dem Datum und der Uhrzeit der Abfrage,<\/li>\n\n\n\n<li>der \u00fcbertragenen Datenmenge,<\/li>\n\n\n\n<li>dem Zugriffsstatus (Datei \u00fcbertragen, Datei nicht gefunden),<\/li>\n\n\n\n<li>der Beschreibung des Typs des verwendeten Webbrowsers,<\/li>\n\n\n\n<li>der IP-Adresse des anfragenden Rechners, die so verk\u00fcrzt wird, dass ein Personenbezug nicht mehr herstellbar ist.<\/li>\n<\/ul>\n\n\n\n<p>Die genannten Protokolldaten werden nur anonymisiert gespeichert.<\/p>\n\n\n\n<h2 class=\"wp-block-heading\">Daten\u00fcbermittlung an Dritte<\/h2>\n\n\n\n<p>Wir \u00fcbermitteln Ihre Daten im Rahmen einer Auftragsverarbeitung gem. Art. 28 DSGVO an Dienstleister, die uns beim Betrieb unserer Webseiten und der damit zusammenh\u00e4ngenden Prozesse unterst\u00fctzen. Unsere Dienstleister sind uns gegen\u00fcber streng weisungsgebunden und entsprechend vertraglich verpflichtet.<\/p>\n\n\n\n<p>Im Falle von Google Analytics (USA) folgt ein angemessenes Datenschutzniveau aus der entsprechenden Teilnahme am Privacy-Shield-Abkommen (Art. 45 Abs. 1 DSGVO).<\/p>\n\n\n\n<h2 class=\"wp-block-heading\">Cookies<\/h2>\n\n\n\n<p>Auf unseren Webseiten nutzen wir Cookies. Cookies sind kleine Textdateien, die auf Ihrem Endger\u00e4t gespeichert und ausgelesen werden k\u00f6nnen. Man unterscheidet zwischen Session-Cookies, die wieder gel\u00f6scht werden, sobald Sie ihren Browser schlie\u00dfen und permanenten Cookies, die \u00fcber die einzelne Sitzung hinaus gespeichert werden. Cookies k\u00f6nnen Daten enthalten, die eine Wiedererkennung des genutzten Ger\u00e4ts m\u00f6glich machen. Teilweise enthalten Cookies aber auch lediglich Informationen zu bestimmten Einstellungen, die nicht personenbeziehbar sind.<\/p>\n\n\n\n<p>Wir nutzen auf unseren Webseiten Session-Cookies. Die Verarbeitung erfolgt auf Grundlage von Art. 6 Abs. 1 S.1 lit. f DSGVO und in dem Interesse die Benutzerf\u00fchrung zu optimieren bzw. zu erm\u00f6glichen und die Darstellung unserer Webseite anzupassen.<\/p>\n\n\n\n<p>Sie k\u00f6nnen Ihren Browser so einstellen, dass er Sie \u00fcber die Platzierung von Cookies informiert. So wird der Gebrauch von Cookies f\u00fcr Sie transparent. Sie k\u00f6nnen Cookies zudem jederzeit \u00fcber die entsprechende Browsereinstellung l\u00f6schen und das Setzen neuer Cookies verhindern. Bitte beachten Sie, dass unsere Webseiten dann ggf. nicht optimal angezeigt werden und einige Funktionen technisch nicht mehr zur Verf\u00fcgung stehen.<\/p>\n\n\n\n<h2 class=\"wp-block-heading\">Einsatz von Google Analytics<\/h2>\n\n\n\n<p>Zur bedarfsgerechten Gestaltung unserer Webseite erstellen wir pseudonyme Nutzungsprofile mit Hilfe von Google Analytics. Google Analytics verwendet Cookies, die auf Ihrem Endger\u00e4t gespeichert und von uns ausgelesen werden k\u00f6nnen. Auf diese Weise sind wir in der Lage, wiederkehrende Besucher zu erkennen und als solche zu z\u00e4hlen. Die Datenverarbeitung erfolgt auf der Grundlage von Art. 6 Abs. 1 lit. f DSGVO bzw. \u00a7 15 Abs. 3 TMG und in dem Interesse zu erfahren, wie h\u00e4ufig unsere Webseiten von unterschiedlichen Nutzern aufgerufen wurden.<\/p>\n\n\n\n<p>Die durch das Cookie erzeugten Informationen \u00fcber Ihre Benutzung dieser Website werden in der Regel an einen Server von Google in den USA \u00fcbertragen und dort gespeichert. Da wir die IP-Anonymisierung auf dieser Webseite aktiviert haben, wird Ihre IP-Adresse von Google jedoch zuvor innerhalb von Mitgliedstaaten der Europ\u00e4ischen Union gek\u00fcrzt. Nur in Ausnahmef\u00e4llen wird die volle IP-Adresse an einen Server von Google in den USA (ein angemessenes Datenschutzniveau liegt nach Art. 45 Abs. 1 DSGVO durch Googles Teilnahme am Privacy Shield vor) \u00fcbertragen und erst dort gek\u00fcrzt. Wir haben mit Google Inc. (USA) zudem einen Vertrag zur Auftragsverarbeitung nach Art. 28 DSGVO geschlossen. Google alle Informationen demnach nur streng zweckgebunden nutzen, um die Nutzung unserer Website f\u00fcr uns auszuwerten und Reports \u00fcber die Websiteaktivit\u00e4ten zusammenzustellen.<\/p>\n\n\n\n<p>Sie k\u00f6nnen der Verarbeitung jederzeit widersprechen. Bitte nutzen Sie hierf\u00fcr eine der folgenden M\u00f6glichkeiten:<\/p>\n\n\n\n<p>Sie k\u00f6nnen die Speicherung der Cookies durch eine entsprechende Einstellung Ihrer Browser-Software verhindern; wir weisen Sie jedoch darauf hin, dass Sie in diesem Fall gegebenenfalls nicht s\u00e4mtliche Funktionen dieser Website vollumf\u00e4nglich werden nutzen k\u00f6nnen.<\/p>\n\n\n\n<p>Sie k\u00f6nnen dar\u00fcber hinaus die Erfassung der durch das Cookie erzeugten und auf Ihre Nutzung der Website bezogenen Daten (inkl. Ihrer IP-Adresse) an Google sowie die Verarbeitung dieser Daten durch Google verhindern, indem sie das unter dem folgenden Link (<a href=\"http:\/\/tools.google.com\/dlpage\/gaoptout?hl=de\" target=\"_blank\" rel=\"noreferrer noopener\">http:\/\/tools.google.com\/dlpage\/gaoptout?hl=de<\/a>) verf\u00fcgbare Browser-Plugin herunterladen und installieren.<\/p>\n\n\n\n<p>Eine Erfassung durch Google Analytics k\u00f6nnen Sie zus\u00e4tzlich verhindern, indem Sie auf folgenden Link klicken. Es wird ein Opt-Out-Cookie gesetzt, der die zuk\u00fcnftige Erfassung Ihrer Daten beim Besuch dieser Website dauerhaft verhindert:<\/p>\n\n\n\n<h2 class=\"wp-block-heading\">Erl\u00e4uterungen der Sicherheitsma\u00dfnahmen<\/h2>\n\n\n\n<p>Um Ihre Daten vor unerw\u00fcnschten Zugriffen m\u00f6glichst umfassend zu sch\u00fctzen, treffen wir technische und organisatorische Ma\u00dfnahmen. Wir setzen auf unseren Seiten ein Verschl\u00fcsselungsverfahren ein. Ihre Angaben werden von Ihrem Rechner zu unserem Server und umgekehrt \u00fcber das Internet mittels einer TLS-Verschl\u00fcsselung \u00fcbertragen. Sie erkennen dies daran, dass in der Statusleiste Ihres Browsers das Schloss-Symbol geschlossen ist und die Adresszeile mit https:\/\/ beginnt.<\/p>\n\n\n\n<h2 class=\"wp-block-heading\">Ihre Rechte als Nutzer<\/h2>\n\n\n\n<p>Bei der Verarbeitung Ihrer personenbezogenen Daten gew\u00e4hrt die DSGVO Ihnen als Webseitennutzer bestimmte Rechte:<\/p>\n\n\n\n<h4 class=\"wp-block-heading\">1. Auskunftsrecht (Art. 15 DSGVO):<\/h4>\n\n\n\n<p>Sie haben das Recht eine Best\u00e4tigung dar\u00fcber zu verlangen, ob Sie betreffende personenbezogene Daten verarbeitet werden; ist dies der Fall, so haben Sie ein Recht auf Auskunft \u00fcber diese personenbezogenen Daten und auf die in Art. 15 DSGVO im einzelnen aufgef\u00fchrten Informationen.<\/p>\n\n\n\n<h4 class=\"wp-block-heading\">2. Recht auf Berichtigung und L\u00f6schung (Art. 16 und 17 DSGVO):<\/h4>\n\n\n\n<p>Sie haben das Recht, unverz\u00fcglich die Berichtigung Sie betreffender unrichtiger personenbezogener Daten und ggf. die Vervollst\u00e4ndigung unvollst\u00e4ndiger personenbezogener Daten zu verlangen.<\/p>\n\n\n\n<p>Sie haben zudem das Recht, zu verlangen, dass Sie betreffende personenbezogene Daten unverz\u00fcglich gel\u00f6scht werden, sofern einer der in Art. 17 DSGVO im einzelnen aufgef\u00fchrten Gr\u00fcnde zutrifft, z. B. wenn die Daten f\u00fcr die verfolgten Zwecke nicht mehr ben\u00f6tigt werden.<\/p>\n\n\n\n<h4 class=\"wp-block-heading\">3. Recht auf Einschr\u00e4nkung der Verarbeitung (Art. 18 DSGVO):<\/h4>\n\n\n\n<p>Sie haben das Recht, die Einschr\u00e4nkung der Verarbeitung zu verlangen, wenn eine der in Art. 18 DSGVO aufgef\u00fchrten Voraussetzungen gegeben ist, z. B. wenn Sie Widerspruch gegen die Verarbeitung eingelegt haben, f\u00fcr die Dauer einer etwaigen Pr\u00fcfung.<\/p>\n\n\n\n<h4 class=\"wp-block-heading\">4. Recht auf Daten\u00fcbertragbarkeit (Art. 20 DSGVO):<\/h4>\n\n\n\n<p>In bestimmten F\u00e4llen, die in Art. 20 DSGVO im Einzelnen aufgef\u00fchrt werden, haben Sie das Recht, die sie betreffenden personenbezogenen Daten in einem strukturierten, g\u00e4ngigen und maschinenlesbaren Format zu erhalten bzw. die \u00dcbermittlung dieser Daten an einen Dritten zu verlangen.<\/p>\n\n\n\n<h4 class=\"wp-block-heading\">5. Widerspruchsrecht (Art. 21 DSGVO):<\/h4>\n\n\n\n<p>Werden Daten auf Grundlage von Art. 6 Abs. 1 lit. f erhoben (Datenverarbeitung zur Wahrung berechtigter Interessen), steht Ihnen das Recht zu, aus Gr\u00fcnden, die sich aus Ihrer besonderen Situation ergeben, jederzeit gegen die Verarbeitung Widerspruch einzulegen. Wir verarbeiten die personenbezogenen Daten dann nicht mehr, es sei denn, es liegen nachweisbar zwingende schutzw\u00fcrdige Gr\u00fcnde f\u00fcr die Verarbeitung vor, die die Interessen, Rechte und Freiheiten der betroffenen Person \u00fcberwiegen, oder die Verarbeitung dient der Geltendmachung, Aus\u00fcbung oder Verteidigung von Rechtsanspr\u00fcchen.<\/p>\n\n\n\n<h4 class=\"wp-block-heading\">6. Beschwerderecht bei einer Aufsichtsbeh\u00f6rde<\/h4>\n\n\n\n<p>Sie haben gem. Art. 77 DSGVO das Recht auf Beschwerde bei einer Aufsichtsbeh\u00f6rde, wenn Sie der Ansicht sind, dass die Verarbeitung der Sie betreffenden Daten gegen datenschutzrechtliche Bestimmungen verst\u00f6\u00dft. Das Beschwerderecht kann insbesondere bei einer Aufsichtsbeh\u00f6rde in dem Mitgliedstaat Ihres Aufenthaltsorts, Ihres Arbeitsplatzes oder des Orts des mutma\u00dflichen Versto\u00dfes geltend gemacht werden.<\/p>\n\n\n\n<h2 class=\"wp-block-heading\">Kontaktformular<\/h2>\n\n\n\n<p>Sie haben die M\u00f6glichkeit, mit uns \u00fcber ein Webformular in Kontakt zu treten. Zur Nutzung unseres Kontaktformulars ben\u00f6tigen wir Ihren Namen und Ihre E-Mail-Adresse. Weitere Angaben k\u00f6nnen Sie mitteilen, m\u00fcssen dies jedoch nicht.<\/p>\n\n\n\n<h2 class=\"wp-block-heading\">Google-Dienste<\/h2>\n\n\n\n<p>Diese Website benutzt Google Maps zur Darstellung von Karten und zur Erstellung von Anfahrtspl\u00e4nen. Diese Google-Dienste werden von Google Inc., 1600 Amphitheatre Parkway, Mountain View, CA 94043, USA betrieben.<\/p>\n\n\n\n<p>Durch die Nutzung von Google-Diensten k\u00f6nnen Informationen \u00fcber Ihre Benutzung (insbesondere die IP-Adresse Ihres Rechners) an einen Server von Google Inc. in den USA \u00fcbertragen und dort gespeichert werden. Auf die Weiterverarbeitung von Daten durch Google Inc. haben wir keinen Einfluss.<\/p>\n\n\n\n<p>Die Nutzungsbedingungen f\u00fcr Google Maps finden Sie unter:&nbsp;<a href=\"http:\/\/www.google.com\/intl\/de_de\/help\/terms_maps.html\" target=\"_blank\" rel=\"noreferrer noopener\">http:\/\/www.google.com\/intl\/de_de\/help\/terms_maps.html<\/a>.<\/p>\n\n\n\n<p>Ausf\u00fchrliche Informationen zu den Datenschutzbestimmungen von Google finden Sie zudem unter:&nbsp;<a href=\"http:\/\/www.google.de\/intl\/de\/policies\/privacy\/\" target=\"_blank\" rel=\"noreferrer noopener\">http:\/\/www.google.de\/intl\/de\/policies\/privacy\/<\/a>.<\/p>\n\n\n\n<p>Falls Sie nicht mit der Datenverarbeitung durch Google Inc. einverstanden sind, deaktivieren Sie bitte die Java\u00adScript Funktion in Ihrem Browser, um eine nur eingeschr\u00e4nkte Ansicht zu erhalten.<\/p>\n\n\n\n<p>Rechtsgrundlage f\u00fcr die beschriebene Datenverarbeitung ist Art. 6 Abs. 1 S.1 lit. f DSGVO (Interessenabw\u00e4gung, basierend auf unserem Interesse, Ihnen eine leichte Anfahrt zu erm\u00f6glichen).<\/p>\n","protected":false},"excerpt":{"rendered":"<p>Datenschutzerkl\u00e4rung der Webseite www.henrykohler.de Wir freuen uns \u00fcber Ihren Besuch auf unseren Webseiten. Nachfolgend m\u00f6chten wir Sie \u00fcber den Umgang mit Ihren Daten gem. Art. 13 Datenschutzgrundverordnung (DSGVO) informieren: Verantwortlicher Verantwortlich f\u00fcr die nachfolgend dargestellte Datenerhebung und -verarbeitung ist die im Impressum genannte Stelle. Speicherung der IP-Adresse Wir speichern die von Ihrem Webbrowser \u00fcbermittelte IP-Adresse &hellip; <\/p>\n<p class=\"link-more\"><a href=\"https:\/\/www.henrykohler.de\/index.php\/datenschutzerklaerung\/\" class=\"more-link\"><span class=\"screen-reader-text\">\u201eDatenschutzerkl\u00e4rung\u201c<\/span> weiterlesen<\/a><\/p>\n","protected":false},"author":1,"featured_media":0,"parent":0,"menu_order":0,"comment_status":"closed","ping_status":"closed","template":"","meta":{"footnotes":""},"class_list":["post-55","page","type-page","status-publish","hentry"],"_links":{"self":[{"href":"https:\/\/www.henrykohler.de\/index.php\/wp-json\/wp\/v2\/pages\/55","targetHints":{"allow":["GET"]}}],"collection":[{"href":"https:\/\/www.henrykohler.de\/index.php\/wp-json\/wp\/v2\/pages"}],"about":[{"href":"https:\/\/www.henrykohler.de\/index.php\/wp-json\/wp\/v2\/types\/page"}],"author":[{"embeddable":true,"href":"https:\/\/www.henrykohler.de\/index.php\/wp-json\/wp\/v2\/users\/1"}],"replies":[{"embeddable":true,"href":"https:\/\/www.henrykohler.de\/index.php\/wp-json\/wp\/v2\/comments?post=55"}],"version-history":[{"count":2,"href":"https:\/\/www.henrykohler.de\/index.php\/wp-json\/wp\/v2\/pages\/55\/revisions"}],"predecessor-version":[{"id":73,"href":"https:\/\/www.henrykohler.de\/index.php\/wp-json\/wp\/v2\/pages\/55\/revisions\/73"}],"wp:attachment":[{"href":"https:\/\/www.henrykohler.de\/index.php\/wp-json\/wp\/v2\/media?parent=55"}],"curies":[{"name":"wp","href":"https:\/\/api.w.org\/{rel}","templated":true}]}}