{"id":36,"date":"2023-09-21T15:50:28","date_gmt":"2023-09-21T15:50:28","guid":{"rendered":"https:\/\/henrykohler.de\/?page_id=36"},"modified":"2023-09-22T16:45:37","modified_gmt":"2023-09-22T16:45:37","slug":"dr-med-henry-kohler-und-kollegen","status":"publish","type":"page","link":"https:\/\/www.henrykohler.de\/","title":{"rendered":"Start"},"content":{"rendered":"\n<p class=\"has-large-font-size\"><strong>Die Spezialisten f\u00fcr Berufserkrankungen und Arbeitsunf\u00e4lle.<\/strong><\/p>\n\n\n\n<figure class=\"wp-block-image size-large is-resized\"><img loading=\"lazy\" decoding=\"async\" src=\"https:\/\/henrykohler.de\/wp-content\/uploads\/2023\/09\/Logo-2-1-1024x1024.jpg\" alt=\"\" class=\"wp-image-95\" style=\"width:179px;height:179px\" width=\"179\" height=\"179\" srcset=\"https:\/\/www.henrykohler.de\/wp-content\/uploads\/2023\/09\/Logo-2-1-1024x1024.jpg 1024w, https:\/\/www.henrykohler.de\/wp-content\/uploads\/2023\/09\/Logo-2-1-300x300.jpg 300w, https:\/\/www.henrykohler.de\/wp-content\/uploads\/2023\/09\/Logo-2-1-150x150.jpg 150w, https:\/\/www.henrykohler.de\/wp-content\/uploads\/2023\/09\/Logo-2-1-768x768.jpg 768w, https:\/\/www.henrykohler.de\/wp-content\/uploads\/2023\/09\/Logo-2-1-100x100.jpg 100w, https:\/\/www.henrykohler.de\/wp-content\/uploads\/2023\/09\/Logo-2-1.jpg 1181w\" sizes=\"auto, (max-width: 179px) 100vw, 179px\" \/><\/figure>\n\n\n\n<p>Gutachten zu allen medizinischen Fragestellungen auf Unfallchirurgischen, Orthop\u00e4dischen und Rehabilitativen Fachgebieten<\/p>\n\n\n\n<p>Zusammenhangsgutachten, Rentengutachten f\u00fcr Berufsgenossenschaften und Unfallkassen<\/p>\n\n\n\n<p>Gutachten zu Berufserkrankungen des Bewegungsapparates<\/p>\n\n\n\n<p>Gutachten zu allen Verkehrsmedizinischen Fragestellungen aller F\u00fchrerschein Klassen,<\/p>\n\n\n\n<p>In Kooperation mit der Fahrschule Klaus Ludwigshafen: PKW, Zweirad, Bus, LKW<\/p>\n\n\n\n<p>Gutachten f\u00fcr Haftpflichtversicherungen, Unfallversicherungen, Berufsunf\u00e4higkeitsversicherungen und Gerichte<\/p>\n\n\n\n<p>Heilverfahrenskontrollen und Sprechstunden mit Reha Managern<\/p>\n\n\n\n<p><\/p>\n","protected":false},"excerpt":{"rendered":"<p>Die Spezialisten f\u00fcr Berufserkrankungen und Arbeitsunf\u00e4lle. Gutachten zu allen medizinischen Fragestellungen auf Unfallchirurgischen, Orthop\u00e4dischen und Rehabilitativen Fachgebieten Zusammenhangsgutachten, Rentengutachten f\u00fcr Berufsgenossenschaften und Unfallkassen Gutachten zu Berufserkrankungen des Bewegungsapparates Gutachten zu allen Verkehrsmedizinischen Fragestellungen aller F\u00fchrerschein Klassen, In Kooperation mit der Fahrschule Klaus Ludwigshafen: PKW, Zweirad, Bus, LKW Gutachten f\u00fcr Haftpflichtversicherungen, Unfallversicherungen, Berufsunf\u00e4higkeitsversicherungen und Gerichte Heilverfahrenskontrollen &hellip; <\/p>\n<p class=\"link-more\"><a href=\"https:\/\/www.henrykohler.de\/\" class=\"more-link\"><span class=\"screen-reader-text\">\u201eStart\u201c<\/span> weiterlesen<\/a><\/p>\n","protected":false},"author":1,"featured_media":0,"parent":0,"menu_order":0,"comment_status":"closed","ping_status":"closed","template":"","meta":{"footnotes":""},"class_list":["post-36","page","type-page","status-publish","hentry"],"_links":{"self":[{"href":"https:\/\/www.henrykohler.de\/index.php\/wp-json\/wp\/v2\/pages\/36","targetHints":{"allow":["GET"]}}],"collection":[{"href":"https:\/\/www.henrykohler.de\/index.php\/wp-json\/wp\/v2\/pages"}],"about":[{"href":"https:\/\/www.henrykohler.de\/index.php\/wp-json\/wp\/v2\/types\/page"}],"author":[{"embeddable":true,"href":"https:\/\/www.henrykohler.de\/index.php\/wp-json\/wp\/v2\/users\/1"}],"replies":[{"embeddable":true,"href":"https:\/\/www.henrykohler.de\/index.php\/wp-json\/wp\/v2\/comments?post=36"}],"version-history":[{"count":10,"href":"https:\/\/www.henrykohler.de\/index.php\/wp-json\/wp\/v2\/pages\/36\/revisions"}],"predecessor-version":[{"id":99,"href":"https:\/\/www.henrykohler.de\/index.php\/wp-json\/wp\/v2\/pages\/36\/revisions\/99"}],"wp:attachment":[{"href":"https:\/\/www.henrykohler.de\/index.php\/wp-json\/wp\/v2\/media?parent=36"}],"curies":[{"name":"wp","href":"https:\/\/api.w.org\/{rel}","templated":true}]}}